{"id":93,"date":"2014-04-22T01:18:10","date_gmt":"2014-04-22T01:18:10","guid":{"rendered":"https:\/\/ena.cl\/\/?page_id=93"},"modified":"2026-03-17T12:27:28","modified_gmt":"2026-03-17T15:27:28","slug":"quienes-somos","status":"publish","type":"page","link":"https:\/\/ena.cl\/?page_id=93","title":{"rendered":"Quienes Somos"},"content":{"rendered":"<div class=\"wpb-content-wrapper\"><p>[vc_row css=&#8221;.vc_custom_1773761246701{margin-top: 50px !important;margin-bottom: 100px !important;}&#8221;][vc_column][vc_column_text]<strong>La Escuela Nacional de Administraci\u00f3n P\u00fablica (ENA) es una instituci\u00f3n especialista en Funci\u00f3n P\u00fablica.<\/strong><\/p>\n<p>Desde sus inicios, hace m\u00e1s de 23 a\u00f1os, ha tenido como objetivo contribuir a la modernizaci\u00f3n del Estado a trav\u00e9s del fortalecimiento de la funci\u00f3n p\u00fablica y la educaci\u00f3n continua de funcionarios y funcionarias p\u00fablicas en Chile. Para promover la equidad territorial y democratizar el conocimiento, ENA ha desarrollado programas de educaci\u00f3n continua en todo el pa\u00eds, incluyendo lugares remotos como la Isla de Pascua, las Islas grandes de Chilo\u00e9, Tierra del Fuego, Navarino y el territorio Ant\u00e1rtico chileno.<\/p>\n<p>La incorporaci\u00f3n del e-learning ha permitido a las instituciones y servicios p\u00fablicos ahorrar recursos en infraestructura y equipamiento, sin comprometer la calidad acad\u00e9mica de los programas. ENA ha utilizado tecnolog\u00edas de vanguardia y ha contado con el acompa\u00f1amiento constante de docentes y tutores expertos para garantizar la calidad y pertinencia de sus programas de educaci\u00f3n continua. Adem\u00e1s, esta modalidad permite una efectiva conciliaci\u00f3n entre la vida personal y familiar con el trabajo, facilitando el cumplimiento de ambas responsabilidades y promoviendo la igualdad de g\u00e9nero en el \u00e1mbito laboral.<\/p>\n<p>En l\u00ednea con nuestra metodolog\u00eda del alineamiento constructivo, en ENA consideramos la evaluaci\u00f3n de transferencia como un aspecto clave para medir la efectividad de nuestros programas de formaci\u00f3n. De esta forma, aseguramos que los objetivos, contenidos y<\/p>\n<p>actividades de evaluaci\u00f3n est\u00e9n alineados y se refuercen mutuamente, facilitando la transferencia de conocimientos y habilidades al desempe\u00f1o laboral efectivo de los participantes.<\/p>\n<p>Esta visi\u00f3n se alinea con las exigencias de la Direcci\u00f3n Nacional del Servicio Civil y nos permite garantizar que nuestros programas de capacitaci\u00f3n tengan un impacto real y positivo en la funci\u00f3n p\u00fablica y en el desarrollo del pa\u00eds.<\/p>\n<p>Durante a\u00f1os, la educaci\u00f3n presencial ha sido la forma principal de ense\u00f1anza en ENA. Sin embargo, conscientes de la necesidad de garantizar la igualdad de oportunidades para todas las personas, ENA ha incorporado la modalidad e-learning en sus programas de capacitaci\u00f3n, permitiendo a m\u00e1s funcionarias y funcionarios p\u00fablicos superar las barreras geogr\u00e1ficas y reducir los costos de tiempo y recursos para las instituciones y servicios p\u00fablicos.[\/vc_column_text][\/vc_column][\/vc_row]<\/p>\n<\/div>","protected":false},"excerpt":{"rendered":"<p>[vc_row css=&#8221;.vc_custom_1773761246701{margin-top: 50px !important;margin-bottom: 100px !important;}&#8221;][vc_column][vc_column_text]La Escuela Nacional de Administraci\u00f3n P\u00fablica (ENA) es una instituci\u00f3n especialista en Funci\u00f3n P\u00fablica. Desde sus inicios, hace m\u00e1s de 23 a\u00f1os, ha tenido como objetivo contribuir a la modernizaci\u00f3n del Estado a trav\u00e9s del fortalecimiento de la funci\u00f3n p\u00fablica y la educaci\u00f3n continua de funcionarios y funcionarias p\u00fablicas en&hellip;<\/p>\n","protected":false},"author":1,"featured_media":0,"parent":0,"menu_order":0,"comment_status":"closed","ping_status":"closed","template":"","meta":{"footnotes":""},"class_list":["post-93","page","type-page","status-publish","hentry","description-off"],"_links":{"self":[{"href":"https:\/\/ena.cl\/index.php?rest_route=\/wp\/v2\/pages\/93","targetHints":{"allow":["GET"]}}],"collection":[{"href":"https:\/\/ena.cl\/index.php?rest_route=\/wp\/v2\/pages"}],"about":[{"href":"https:\/\/ena.cl\/index.php?rest_route=\/wp\/v2\/types\/page"}],"author":[{"embeddable":true,"href":"https:\/\/ena.cl\/index.php?rest_route=\/wp\/v2\/users\/1"}],"replies":[{"embeddable":true,"href":"https:\/\/ena.cl\/index.php?rest_route=%2Fwp%2Fv2%2Fcomments&post=93"}],"version-history":[{"count":63,"href":"https:\/\/ena.cl\/index.php?rest_route=\/wp\/v2\/pages\/93\/revisions"}],"predecessor-version":[{"id":56530,"href":"https:\/\/ena.cl\/index.php?rest_route=\/wp\/v2\/pages\/93\/revisions\/56530"}],"wp:attachment":[{"href":"https:\/\/ena.cl\/index.php?rest_route=%2Fwp%2Fv2%2Fmedia&parent=93"}],"curies":[{"name":"wp","href":"https:\/\/api.w.org\/{rel}","templated":true}]}}