{"id":145,"date":"2014-04-22T02:31:22","date_gmt":"2014-04-22T02:31:22","guid":{"rendered":"https:\/\/ena.cl\/\/?page_id=145"},"modified":"2026-03-17T12:15:48","modified_gmt":"2026-03-17T15:15:48","slug":"contacto","status":"publish","type":"page","link":"https:\/\/ena.cl\/?page_id=145","title":{"rendered":"Contacto"},"content":{"rendered":"<div class=\"wpb-content-wrapper\"><p>[vc_row css=&#8221;.vc_custom_1773759741055{margin-top: 50px !important;}&#8221;][vc_column][vc_column_text]<\/p>\n<p data-start=\"80\" data-end=\"307\">La Escuela Nacional de Administraci\u00f3n P\u00fablica (ENA) ofrece programas de capacitaci\u00f3n para instituciones y profesionales, disponibles a trav\u00e9s de distintas modalidades de contrataci\u00f3n conforme a la normativa de compras p\u00fablicas.<\/p>\n<p data-start=\"309\" data-end=\"553\">Contamos con <strong data-start=\"322\" data-end=\"362\">programas a medida y cursos abiertos<\/strong>, adem\u00e1s de alternativas de financiamiento como modalidad SENCE para el \u00e1mbito municipal. Nuestro equipo brinda orientaci\u00f3n para apoyar la correcta elecci\u00f3n e implementaci\u00f3n de cada programa.<\/p>\n<p>[\/vc_column_text][\/vc_column][\/vc_row][vc_row full_width=&#8221;stretch_row&#8221; css=&#8221;.vc_custom_1773760402950{margin-top: 20px !important;padding-top: 30px !important;background-color: #f7f7f7 !important;}&#8221;][vc_column width=&#8221;2\/3&#8243;][vc_column_text][vc_gmaps type=&#8221;m&#8221; zoom=&#8221;14&#8243; bubble=&#8221;1&#8243; link=&#8221;https:\/\/www.google.com\/maps\/embed?pb=!1m14!1m8!1m3!1d3328.7993286931323!2d-70.6016765!3d 33.4545343!3m2!1i1024!2i768!4f13.1!3m3!1m2!1s0x9662cf9425e235e5%3A0xe0bb2d19b31fe94f!2sIrarr%C3%A1zaval+2821!5e0!3m2!1ses!2scl!4v1398260454514&#8243; size=&#8221;320&#8243;]<br \/>\n[vc_column_text][\/vc_column_text][\/vc_column][vc_column width=&#8221;1\/3&#8243;]<style type=\"text\/css\" data-type=\"the7_shortcodes-inline-css\">.icon-with-text-shortcode.icon-text-id-639dd188f942dcf933f064a0f5873b56 .text-icon {\n  width: 50px;\n  height: 50px;\n  line-height: 50px;\n  font-size: 32px;\n  border-radius: 0px;\n  margin: 0px 0px 0px 0px;\n}\n.icon-with-text-shortcode.icon-text-id-639dd188f942dcf933f064a0f5873b56 .text-icon .icon-inner {\n  min-width: 50px;\n  min-height: 50px;\n  border-radius: 0px;\n}\n@media all and (-ms-high-contrast: none) {\n  .icon-with-text-shortcode.icon-text-id-639dd188f942dcf933f064a0f5873b56 .text-icon .icon-inner {\n    height: 50px;\n  }\n}\n.icon-with-text-shortcode.icon-text-id-639dd188f942dcf933f064a0f5873b56 .text-icon .dt-hover-icon {\n  line-height: 50px;\n}\n.icon-with-text-shortcode.icon-text-id-639dd188f942dcf933f064a0f5873b56 .text-icon:before,\n.icon-with-text-shortcode.icon-text-id-639dd188f942dcf933f064a0f5873b56 .text-icon:after,\n.icon-with-text-shortcode.icon-text-id-639dd188f942dcf933f064a0f5873b56 .text-icon .icon-inner:before,\n.icon-with-text-shortcode.icon-text-id-639dd188f942dcf933f064a0f5873b56 .text-icon .icon-inner:after {\n  min-width: 100%;\n  min-height: 100%;\n  padding: inherit;\n  border-radius: inherit;\n}\n.icon-with-text-shortcode.icon-text-id-639dd188f942dcf933f064a0f5873b56 .text-icon.dt-icon-border-on:before {\n  border-width: 2px;\n  border-style: solid;\n}\n.dt-icon-border-dashed.icon-with-text-shortcode.icon-text-id-639dd188f942dcf933f064a0f5873b56 .text-icon.dt-icon-border-on:before {\n  border-style: dashed;\n}\n.dt-icon-border-dotted.icon-with-text-shortcode.icon-text-id-639dd188f942dcf933f064a0f5873b56 .text-icon.dt-icon-border-on:before {\n  border-style: dotted;\n}\n.dt-icon-border-double.icon-with-text-shortcode.icon-text-id-639dd188f942dcf933f064a0f5873b56 .text-icon.dt-icon-border-on:before {\n  border-style: double;\n}\n.icon-with-text-shortcode.icon-text-id-639dd188f942dcf933f064a0f5873b56 .text-icon.dt-icon-border-dashed.dt-icon-border-on:before {\n  border-style: dashed;\n}\n.icon-with-text-shortcode.icon-text-id-639dd188f942dcf933f064a0f5873b56 .text-icon.dt-icon-border-dotted.dt-icon-border-on:before {\n  border-style: dotted;\n}\n.icon-with-text-shortcode.icon-text-id-639dd188f942dcf933f064a0f5873b56 .text-icon.dt-icon-border-double.dt-icon-border-on:before {\n  border-style: double;\n}\n.icon-with-text-shortcode.icon-text-id-639dd188f942dcf933f064a0f5873b56 .text-icon.dt-icon-hover-border-on:after {\n  border-width: 2px;\n  border-style: solid;\n}\n.icon-with-text-shortcode.icon-text-id-639dd188f942dcf933f064a0f5873b56 .text-icon.dt-icon-border-dashed.dt-icon-hover-border-on:after {\n  border-style: dashed;\n}\n.icon-with-text-shortcode.icon-text-id-639dd188f942dcf933f064a0f5873b56 .text-icon.dt-icon-border-dotted.dt-icon-hover-border-on:after {\n  border-style: dotted;\n}\n.icon-with-text-shortcode.icon-text-id-639dd188f942dcf933f064a0f5873b56 .text-icon.dt-icon-border-double.dt-icon-hover-border-on:after {\n  border-style: double;\n}\n.icon-with-text-shortcode.icon-text-id-639dd188f942dcf933f064a0f5873b56 .text-icon.dt-icon-hover-on:hover {\n  font-size: 32px;\n}\n#page .icon-with-text-shortcode.icon-text-id-639dd188f942dcf933f064a0f5873b56 .text-icon.dt-icon-hover-on:hover .soc-font-icon,\n#phantom .icon-with-text-shortcode.icon-text-id-639dd188f942dcf933f064a0f5873b56 .text-icon.dt-icon-hover-on:hover .soc-font-icon,\n#page .icon-with-text-shortcode.icon-text-id-639dd188f942dcf933f064a0f5873b56 .text-icon.dt-icon-hover-on:hover .soc-icon,\n#phantom .icon-with-text-shortcode.icon-text-id-639dd188f942dcf933f064a0f5873b56 .text-icon.dt-icon-hover-on:hover .soc-icon {\n  color: #fff;\n  background: none;\n}\n.icon-with-text-shortcode.icon-text-id-639dd188f942dcf933f064a0f5873b56.layout-1 {\n  grid-template-columns: 50px minmax(0,1fr);\n  grid-column-gap: 0px;\n}\n.icon-with-text-shortcode.icon-text-id-639dd188f942dcf933f064a0f5873b56.layout-2 {\n  grid-template-columns: minmax(0,1fr) 50px;\n  grid-column-gap: 0px;\n}\n.icon-with-text-shortcode.icon-text-id-639dd188f942dcf933f064a0f5873b56.layout-2 .text-icon {\n  margin-left: 0;\n}\n.icon-with-text-shortcode.icon-text-id-639dd188f942dcf933f064a0f5873b56.layout-3 {\n  grid-template-columns: 50px minmax(0,1fr);\n}\n.icon-with-text-shortcode.icon-text-id-639dd188f942dcf933f064a0f5873b56.layout-3 .dt-text-title {\n  margin-left: 0px;\n}\n.icon-with-text-shortcode.icon-text-id-639dd188f942dcf933f064a0f5873b56 .dt-text-title,\n.icon-with-text-shortcode.icon-text-id-639dd188f942dcf933f064a0f5873b56 .dt-text-title a {\n  font-weight: bold;\n}\n.icon-with-text-shortcode.icon-text-id-639dd188f942dcf933f064a0f5873b56 .dt-text-title {\n  margin-bottom: 0px;\n}\n.icon-with-text-shortcode.icon-text-id-639dd188f942dcf933f064a0f5873b56 .dt-text-desc {\n  margin-bottom: 0px;\n}\n<\/style><div class=\"icon-with-text-shortcode  icon-text-id-639dd188f942dcf933f064a0f5873b56 layout-3  \" ><span   class=\"text-icon dt-icon-bg-off dt-icon-hover-off\" ><span class=\"icon-inner\"><i class=\"dt-regular-icon soc-icon icomoon-the7-font-the7-map-02\"><\/i><i class=\"dt-hover-icon soc-icon icomoon-the7-font-the7-map-02\"><\/i><\/span><\/span><h4 class=\"dt-text-title\"  >Direcci\u00f3n<\/h4><div class=\"dt-text-desc\">Avenida Irarrazaval 2821, oficinas 212 y 821, Torre B, \u00d1u\u00f1oa, Santiago<\/div><\/div><style type=\"text\/css\" data-type=\"the7_shortcodes-inline-css\">.icon-with-text-shortcode.icon-text-id-67ef7e469931a2c0d6955e21573d11d9 .text-icon {\n  width: 50px;\n  height: 50px;\n  line-height: 50px;\n  font-size: 32px;\n  border-radius: 0px;\n  margin: 0px 0px 0px 0px;\n}\n.icon-with-text-shortcode.icon-text-id-67ef7e469931a2c0d6955e21573d11d9 .text-icon .icon-inner {\n  min-width: 50px;\n  min-height: 50px;\n  border-radius: 0px;\n}\n@media all and (-ms-high-contrast: none) {\n  .icon-with-text-shortcode.icon-text-id-67ef7e469931a2c0d6955e21573d11d9 .text-icon .icon-inner {\n    height: 50px;\n  }\n}\n.icon-with-text-shortcode.icon-text-id-67ef7e469931a2c0d6955e21573d11d9 .text-icon .dt-hover-icon {\n  line-height: 50px;\n}\n.icon-with-text-shortcode.icon-text-id-67ef7e469931a2c0d6955e21573d11d9 .text-icon:before,\n.icon-with-text-shortcode.icon-text-id-67ef7e469931a2c0d6955e21573d11d9 .text-icon:after,\n.icon-with-text-shortcode.icon-text-id-67ef7e469931a2c0d6955e21573d11d9 .text-icon .icon-inner:before,\n.icon-with-text-shortcode.icon-text-id-67ef7e469931a2c0d6955e21573d11d9 .text-icon .icon-inner:after {\n  min-width: 100%;\n  min-height: 100%;\n  padding: inherit;\n  border-radius: inherit;\n}\n.icon-with-text-shortcode.icon-text-id-67ef7e469931a2c0d6955e21573d11d9 .text-icon.dt-icon-border-on:before {\n  border-width: 2px;\n  border-style: solid;\n}\n.dt-icon-border-dashed.icon-with-text-shortcode.icon-text-id-67ef7e469931a2c0d6955e21573d11d9 .text-icon.dt-icon-border-on:before {\n  border-style: dashed;\n}\n.dt-icon-border-dotted.icon-with-text-shortcode.icon-text-id-67ef7e469931a2c0d6955e21573d11d9 .text-icon.dt-icon-border-on:before {\n  border-style: dotted;\n}\n.dt-icon-border-double.icon-with-text-shortcode.icon-text-id-67ef7e469931a2c0d6955e21573d11d9 .text-icon.dt-icon-border-on:before {\n  border-style: double;\n}\n.icon-with-text-shortcode.icon-text-id-67ef7e469931a2c0d6955e21573d11d9 .text-icon.dt-icon-border-dashed.dt-icon-border-on:before {\n  border-style: dashed;\n}\n.icon-with-text-shortcode.icon-text-id-67ef7e469931a2c0d6955e21573d11d9 .text-icon.dt-icon-border-dotted.dt-icon-border-on:before {\n  border-style: dotted;\n}\n.icon-with-text-shortcode.icon-text-id-67ef7e469931a2c0d6955e21573d11d9 .text-icon.dt-icon-border-double.dt-icon-border-on:before {\n  border-style: double;\n}\n.icon-with-text-shortcode.icon-text-id-67ef7e469931a2c0d6955e21573d11d9 .text-icon.dt-icon-hover-border-on:after {\n  border-width: 2px;\n  border-style: solid;\n}\n.icon-with-text-shortcode.icon-text-id-67ef7e469931a2c0d6955e21573d11d9 .text-icon.dt-icon-border-dashed.dt-icon-hover-border-on:after {\n  border-style: dashed;\n}\n.icon-with-text-shortcode.icon-text-id-67ef7e469931a2c0d6955e21573d11d9 .text-icon.dt-icon-border-dotted.dt-icon-hover-border-on:after {\n  border-style: dotted;\n}\n.icon-with-text-shortcode.icon-text-id-67ef7e469931a2c0d6955e21573d11d9 .text-icon.dt-icon-border-double.dt-icon-hover-border-on:after {\n  border-style: double;\n}\n.icon-with-text-shortcode.icon-text-id-67ef7e469931a2c0d6955e21573d11d9 .text-icon.dt-icon-hover-on:hover {\n  font-size: 32px;\n}\n#page .icon-with-text-shortcode.icon-text-id-67ef7e469931a2c0d6955e21573d11d9 .text-icon.dt-icon-hover-on:hover .soc-font-icon,\n#phantom .icon-with-text-shortcode.icon-text-id-67ef7e469931a2c0d6955e21573d11d9 .text-icon.dt-icon-hover-on:hover .soc-font-icon,\n#page .icon-with-text-shortcode.icon-text-id-67ef7e469931a2c0d6955e21573d11d9 .text-icon.dt-icon-hover-on:hover .soc-icon,\n#phantom .icon-with-text-shortcode.icon-text-id-67ef7e469931a2c0d6955e21573d11d9 .text-icon.dt-icon-hover-on:hover .soc-icon {\n  color: #fff;\n  background: none;\n}\n.icon-with-text-shortcode.icon-text-id-67ef7e469931a2c0d6955e21573d11d9.layout-1 {\n  grid-template-columns: 50px minmax(0,1fr);\n  grid-column-gap: 0px;\n}\n.icon-with-text-shortcode.icon-text-id-67ef7e469931a2c0d6955e21573d11d9.layout-2 {\n  grid-template-columns: minmax(0,1fr) 50px;\n  grid-column-gap: 0px;\n}\n.icon-with-text-shortcode.icon-text-id-67ef7e469931a2c0d6955e21573d11d9.layout-2 .text-icon {\n  margin-left: 0;\n}\n.icon-with-text-shortcode.icon-text-id-67ef7e469931a2c0d6955e21573d11d9.layout-3 {\n  grid-template-columns: 50px minmax(0,1fr);\n}\n.icon-with-text-shortcode.icon-text-id-67ef7e469931a2c0d6955e21573d11d9.layout-3 .dt-text-title {\n  margin-left: 0px;\n}\n.icon-with-text-shortcode.icon-text-id-67ef7e469931a2c0d6955e21573d11d9 .dt-text-title,\n.icon-with-text-shortcode.icon-text-id-67ef7e469931a2c0d6955e21573d11d9 .dt-text-title a {\n  font-weight: bold;\n}\n.icon-with-text-shortcode.icon-text-id-67ef7e469931a2c0d6955e21573d11d9 .dt-text-title {\n  margin-bottom: 0px;\n}\n.icon-with-text-shortcode.icon-text-id-67ef7e469931a2c0d6955e21573d11d9 .dt-text-desc {\n  margin-bottom: 0px;\n}\n<\/style><div class=\"icon-with-text-shortcode  icon-text-id-67ef7e469931a2c0d6955e21573d11d9 layout-3  vc_custom_1773760364839 \" ><span   class=\"text-icon dt-icon-bg-off dt-icon-hover-off\" ><span class=\"icon-inner\"><i class=\"dt-regular-icon soc-icon icomoon-the7-font-the7-phone-05\"><\/i><i class=\"dt-hover-icon soc-icon icomoon-the7-font-the7-phone-05\"><\/i><\/span><\/span><h4 class=\"dt-text-title\"  >Tel\u00e9fonos<\/h4><div class=\"dt-text-desc\">Nuestros tel\u00e9fonos de contacto son +56-2-32239876 o +56-2-22256636<\/div><\/div><style type=\"text\/css\" data-type=\"the7_shortcodes-inline-css\">.icon-with-text-shortcode.icon-text-id-1b75793f24afd1b73df0878de7b6ecbf .text-icon {\n  width: 50px;\n  height: 50px;\n  line-height: 50px;\n  font-size: 32px;\n  border-radius: 0px;\n  margin: 0px 0px 0px 0px;\n}\n.icon-with-text-shortcode.icon-text-id-1b75793f24afd1b73df0878de7b6ecbf .text-icon .icon-inner {\n  min-width: 50px;\n  min-height: 50px;\n  border-radius: 0px;\n}\n@media all and (-ms-high-contrast: none) {\n  .icon-with-text-shortcode.icon-text-id-1b75793f24afd1b73df0878de7b6ecbf .text-icon .icon-inner {\n    height: 50px;\n  }\n}\n.icon-with-text-shortcode.icon-text-id-1b75793f24afd1b73df0878de7b6ecbf .text-icon .dt-hover-icon {\n  line-height: 50px;\n}\n.icon-with-text-shortcode.icon-text-id-1b75793f24afd1b73df0878de7b6ecbf .text-icon:before,\n.icon-with-text-shortcode.icon-text-id-1b75793f24afd1b73df0878de7b6ecbf .text-icon:after,\n.icon-with-text-shortcode.icon-text-id-1b75793f24afd1b73df0878de7b6ecbf .text-icon .icon-inner:before,\n.icon-with-text-shortcode.icon-text-id-1b75793f24afd1b73df0878de7b6ecbf .text-icon .icon-inner:after {\n  min-width: 100%;\n  min-height: 100%;\n  padding: inherit;\n  border-radius: inherit;\n}\n.icon-with-text-shortcode.icon-text-id-1b75793f24afd1b73df0878de7b6ecbf .text-icon.dt-icon-border-on:before {\n  border-width: 2px;\n  border-style: solid;\n}\n.dt-icon-border-dashed.icon-with-text-shortcode.icon-text-id-1b75793f24afd1b73df0878de7b6ecbf .text-icon.dt-icon-border-on:before {\n  border-style: dashed;\n}\n.dt-icon-border-dotted.icon-with-text-shortcode.icon-text-id-1b75793f24afd1b73df0878de7b6ecbf .text-icon.dt-icon-border-on:before {\n  border-style: dotted;\n}\n.dt-icon-border-double.icon-with-text-shortcode.icon-text-id-1b75793f24afd1b73df0878de7b6ecbf .text-icon.dt-icon-border-on:before {\n  border-style: double;\n}\n.icon-with-text-shortcode.icon-text-id-1b75793f24afd1b73df0878de7b6ecbf .text-icon.dt-icon-border-dashed.dt-icon-border-on:before {\n  border-style: dashed;\n}\n.icon-with-text-shortcode.icon-text-id-1b75793f24afd1b73df0878de7b6ecbf .text-icon.dt-icon-border-dotted.dt-icon-border-on:before {\n  border-style: dotted;\n}\n.icon-with-text-shortcode.icon-text-id-1b75793f24afd1b73df0878de7b6ecbf .text-icon.dt-icon-border-double.dt-icon-border-on:before {\n  border-style: double;\n}\n.icon-with-text-shortcode.icon-text-id-1b75793f24afd1b73df0878de7b6ecbf .text-icon.dt-icon-hover-border-on:after {\n  border-width: 2px;\n  border-style: solid;\n}\n.icon-with-text-shortcode.icon-text-id-1b75793f24afd1b73df0878de7b6ecbf .text-icon.dt-icon-border-dashed.dt-icon-hover-border-on:after {\n  border-style: dashed;\n}\n.icon-with-text-shortcode.icon-text-id-1b75793f24afd1b73df0878de7b6ecbf .text-icon.dt-icon-border-dotted.dt-icon-hover-border-on:after {\n  border-style: dotted;\n}\n.icon-with-text-shortcode.icon-text-id-1b75793f24afd1b73df0878de7b6ecbf .text-icon.dt-icon-border-double.dt-icon-hover-border-on:after {\n  border-style: double;\n}\n.icon-with-text-shortcode.icon-text-id-1b75793f24afd1b73df0878de7b6ecbf .text-icon.dt-icon-hover-on:hover {\n  font-size: 32px;\n}\n#page .icon-with-text-shortcode.icon-text-id-1b75793f24afd1b73df0878de7b6ecbf .text-icon.dt-icon-hover-on:hover .soc-font-icon,\n#phantom .icon-with-text-shortcode.icon-text-id-1b75793f24afd1b73df0878de7b6ecbf .text-icon.dt-icon-hover-on:hover .soc-font-icon,\n#page .icon-with-text-shortcode.icon-text-id-1b75793f24afd1b73df0878de7b6ecbf .text-icon.dt-icon-hover-on:hover .soc-icon,\n#phantom .icon-with-text-shortcode.icon-text-id-1b75793f24afd1b73df0878de7b6ecbf .text-icon.dt-icon-hover-on:hover .soc-icon {\n  color: #fff;\n  background: none;\n}\n.icon-with-text-shortcode.icon-text-id-1b75793f24afd1b73df0878de7b6ecbf.layout-1 {\n  grid-template-columns: 50px minmax(0,1fr);\n  grid-column-gap: 0px;\n}\n.icon-with-text-shortcode.icon-text-id-1b75793f24afd1b73df0878de7b6ecbf.layout-2 {\n  grid-template-columns: minmax(0,1fr) 50px;\n  grid-column-gap: 0px;\n}\n.icon-with-text-shortcode.icon-text-id-1b75793f24afd1b73df0878de7b6ecbf.layout-2 .text-icon {\n  margin-left: 0;\n}\n.icon-with-text-shortcode.icon-text-id-1b75793f24afd1b73df0878de7b6ecbf.layout-3 {\n  grid-template-columns: 50px minmax(0,1fr);\n}\n.icon-with-text-shortcode.icon-text-id-1b75793f24afd1b73df0878de7b6ecbf.layout-3 .dt-text-title {\n  margin-left: 0px;\n}\n.icon-with-text-shortcode.icon-text-id-1b75793f24afd1b73df0878de7b6ecbf .dt-text-title,\n.icon-with-text-shortcode.icon-text-id-1b75793f24afd1b73df0878de7b6ecbf .dt-text-title a {\n  font-weight: bold;\n}\n.icon-with-text-shortcode.icon-text-id-1b75793f24afd1b73df0878de7b6ecbf .dt-text-title {\n  margin-bottom: 0px;\n}\n.icon-with-text-shortcode.icon-text-id-1b75793f24afd1b73df0878de7b6ecbf .dt-text-desc {\n  margin-bottom: 0px;\n}\n<\/style><div class=\"icon-with-text-shortcode  icon-text-id-1b75793f24afd1b73df0878de7b6ecbf layout-3  vc_custom_1773760374996 \" ><span   class=\"text-icon dt-icon-bg-off dt-icon-hover-off\" ><span class=\"icon-inner\"><i class=\"dt-regular-icon soc-icon icomoon-the7-font-the7-mail-01\"><\/i><i class=\"dt-hover-icon soc-icon icomoon-the7-font-the7-mail-01\"><\/i><\/span><\/span><h4 class=\"dt-text-title\"  >Correo<\/h4><div class=\"dt-text-desc\">contacto@ena.cl<\/div><\/div>[\/vc_column][\/vc_row]<\/p>\n<\/div>","protected":false},"excerpt":{"rendered":"<p>[vc_row css=&#8221;.vc_custom_1773759741055{margin-top: 50px !important;}&#8221;][vc_column][vc_column_text] La Escuela Nacional de Administraci\u00f3n P\u00fablica (ENA) ofrece programas de capacitaci\u00f3n para instituciones y profesionales, disponibles a trav\u00e9s de distintas modalidades de contrataci\u00f3n conforme a la normativa de compras p\u00fablicas. Contamos con programas a medida y cursos abiertos, adem\u00e1s de alternativas de financiamiento como modalidad SENCE para el \u00e1mbito municipal. Nuestro&hellip;<\/p>\n","protected":false},"author":1,"featured_media":0,"parent":0,"menu_order":0,"comment_status":"closed","ping_status":"closed","template":"","meta":{"footnotes":""},"class_list":["post-145","page","type-page","status-publish","hentry","description-off"],"_links":{"self":[{"href":"https:\/\/ena.cl\/index.php?rest_route=\/wp\/v2\/pages\/145","targetHints":{"allow":["GET"]}}],"collection":[{"href":"https:\/\/ena.cl\/index.php?rest_route=\/wp\/v2\/pages"}],"about":[{"href":"https:\/\/ena.cl\/index.php?rest_route=\/wp\/v2\/types\/page"}],"author":[{"embeddable":true,"href":"https:\/\/ena.cl\/index.php?rest_route=\/wp\/v2\/users\/1"}],"replies":[{"embeddable":true,"href":"https:\/\/ena.cl\/index.php?rest_route=%2Fwp%2Fv2%2Fcomments&post=145"}],"version-history":[{"count":43,"href":"https:\/\/ena.cl\/index.php?rest_route=\/wp\/v2\/pages\/145\/revisions"}],"predecessor-version":[{"id":56529,"href":"https:\/\/ena.cl\/index.php?rest_route=\/wp\/v2\/pages\/145\/revisions\/56529"}],"wp:attachment":[{"href":"https:\/\/ena.cl\/index.php?rest_route=%2Fwp%2Fv2%2Fmedia&parent=145"}],"curies":[{"name":"wp","href":"https:\/\/api.w.org\/{rel}","templated":true}]}}